{"id":671,"date":"2026-03-20T11:54:23","date_gmt":"2026-03-20T11:54:23","guid":{"rendered":"https:\/\/new.rentnoma.lv\/%d0%ba%d0%be%d0%bd%d1%82%d0%b0%d0%ba%d1%82%d1%8b\/"},"modified":"2026-04-21T13:31:33","modified_gmt":"2026-04-21T13:31:33","slug":"%d0%ba%d0%be%d0%bd%d1%82%d0%b0%d0%ba%d1%82%d1%8b","status":"publish","type":"page","link":"https:\/\/rentnoma.lv\/ru\/%d0%ba%d0%be%d0%bd%d1%82%d0%b0%d0%ba%d1%82%d1%8b\/","title":{"rendered":"\u041a\u043e\u043d\u0442\u0430\u043a\u0442\u044b"},"content":{"rendered":"\t\t<div data-elementor-type=\"wp-page\" data-elementor-id=\"671\" class=\"elementor elementor-671 elementor-575\" data-elementor-post-type=\"page\">\n\t\t\t\t<div class=\"elementor-element elementor-element-022f359 e-flex e-con-boxed e-con e-parent\" data-id=\"022f359\" data-element_type=\"container\" data-e-type=\"container\">\n\t\t\t\t\t<div class=\"e-con-inner\">\n\t\t\t\t<div class=\"elementor-element elementor-element-b7c9bfb elementor-widget elementor-widget-heading\" data-id=\"b7c9bfb\" data-element_type=\"widget\" data-e-type=\"widget\" data-widget_type=\"heading.default\">\n\t\t\t\t\t<h2 class=\"elementor-heading-title elementor-size-default\">\u0421\u0432\u044f\u0436\u0438\u0442\u0435\u0441\u044c \u0441 \u043d\u0430\u043c\u0438<\/h2>\t\t\t\t<\/div>\n\t\t\t\t<div class=\"elementor-element elementor-element-594f81e elementor-widget elementor-widget-text-editor\" data-id=\"594f81e\" data-element_type=\"widget\" data-e-type=\"widget\" data-widget_type=\"text-editor.default\">\n\t\t\t\t\t\t\t\t\t<p data-start=\"237\" data-end=\"343\">\u0415\u0441\u0442\u044c \u0432\u043e\u043f\u0440\u043e\u0441 \u0438\u043b\u0438 \u0433\u043e\u0442\u043e\u0432 \u0437\u0430\u0431\u0440\u043e\u043d\u0438\u0440\u043e\u0432\u0430\u0442\u044c \u043c\u0430\u0448\u0438\u043d\u0443?<br data-start=\"279\" data-end=\"282\">\u041c\u044b \u0437\u0434\u0435\u0441\u044c, \u0447\u0442\u043e\u0431\u044b \u043f\u043e\u043c\u043e\u0447\u044c \u2014 \u0431\u044b\u0441\u0442\u0440\u043e, \u043f\u0440\u043e\u0441\u0442\u043e \u0438 \u0431\u0435\u0437 \u0441\u043b\u043e\u0436\u043d\u043e\u0441\u0442\u0435\u0439.<\/p><p data-start=\"345\" data-end=\"456\">\u041d\u0443\u0436\u043d\u0430 \u043c\u0430\u0448\u0438\u043d\u0430 \u043d\u0430 \u0434\u0435\u043d\u044c, \u0432\u044b\u0445\u043e\u0434\u043d\u044b\u0435 \u0438\u043b\u0438 \u0434\u043e\u043b\u044c\u0448\u0435 \u2014 \u043f\u0440\u043e\u0441\u0442\u043e \u0441\u0432\u044f\u0436\u0438\u0441\u044c \u0441 \u043d\u0430\u043c\u0438, \u0438 \u043c\u044b \u043d\u0430\u0439\u0434\u0435\u043c \u043b\u0443\u0447\u0448\u0438\u0439 \u0432\u0430\u0440\u0438\u0430\u043d\u0442 \u0434\u043b\u044f \u0442\u0435\u0431\u044f.<\/p>\t\t\t\t\t\t\t\t<\/div>\n\t\t\t\t\t<\/div>\n\t\t\t\t<\/div>\n\t\t<div class=\"elementor-element elementor-element-b2155cc e-flex e-con-boxed e-con e-parent\" data-id=\"b2155cc\" data-element_type=\"container\" data-e-type=\"container\">\n\t\t\t\t\t<div class=\"e-con-inner\">\n\t\t<div class=\"elementor-element elementor-element-ec193cb e-con-full e-flex e-con e-child\" data-id=\"ec193cb\" data-element_type=\"container\" data-e-type=\"container\">\n\t\t\t\t<div class=\"elementor-element elementor-element-99dd81a elementor-widget elementor-widget-heading\" data-id=\"99dd81a\" data-element_type=\"widget\" data-e-type=\"widget\" data-widget_type=\"heading.default\">\n\t\t\t\t\t<h2 class=\"elementor-heading-title elementor-size-default\">\u0421\u0432\u044f\u0437\u0430\u0442\u044c\u0441\u044f<\/h2>\t\t\t\t<\/div>\n\t\t\t\t<div class=\"elementor-element elementor-element-84b8136 elementor-widget elementor-widget-text-editor\" data-id=\"84b8136\" data-element_type=\"widget\" data-e-type=\"widget\" data-widget_type=\"text-editor.default\">\n\t\t\t\t\t\t\t\t\t<p data-start=\"480\" data-end=\"540\">\ud83d\udccd <strong data-start=\"483\" data-end=\"495\">\u0410\u0434\u0440\u0435\u0441:<\/strong><br data-start=\"495\" data-end=\"498\">Pulkv\u0113\u017ea Brie\u017ea iela 40, Liep\u0101ja, Latvia<\/p><p data-start=\"542\" data-end=\"589\">\ud83d\udcde <strong data-start=\"545\" data-end=\"555\">\u0422\u0435\u043b\u0435\u0444\u043e\u043d:<\/strong><br data-start=\"555\" data-end=\"558\">+371 26026012<br data-start=\"571\" data-end=\"574\">+371 26744455<\/p><p data-start=\"591\" data-end=\"625\">\ud83d\udce7 <strong data-start=\"594\" data-end=\"604\">\u042d\u043b\u0435\u043a\u0442\u0440\u043e\u043d\u043d\u0430\u044f \u043f\u043e\u0447\u0442\u0430:<br><\/strong>info@rentnoma.lv<\/p>\t\t\t\t\t\t\t\t<\/div>\n\t\t\t\t<div class=\"elementor-element elementor-element-7131674 elementor-widget elementor-widget-heading\" data-id=\"7131674\" data-element_type=\"widget\" data-e-type=\"widget\" data-widget_type=\"heading.default\">\n\t\t\t\t\t<h2 class=\"elementor-heading-title elementor-size-default\">\u0427\u0430\u0441\u044b \u0440\u0430\u0431\u043e\u0442\u044b<\/h2>\t\t\t\t<\/div>\n\t\t\t\t<div class=\"elementor-element elementor-element-9147277 elementor-widget elementor-widget-text-editor\" data-id=\"9147277\" data-element_type=\"widget\" data-e-type=\"widget\" data-widget_type=\"text-editor.default\">\n\t\t\t\t\t\t\t\t\t<p data-start=\"650\" data-end=\"720\">\ud83d\udd58 \u041f\u043e\u043d\u0435\u0434\u0435\u043b\u044c\u043d\u0438\u043a \u2013 \u041f\u044f\u0442\u043d\u0438\u0446\u0430: 09:00 \u2013 18:00<br data-start=\"683\" data-end=\"686\">\ud83d\udd58 \u0421\u0443\u0431\u0431\u043e\u0442\u0430 \u2013 \u0412\u043e\u0441\u043a\u0440\u0435\u0441\u0435\u043d\u044c\u0435: \u041f\u043e \u0437\u0430\u043f\u0440\u043e\u0441\u0443<\/p><p data-start=\"722\" data-end=\"785\"><em data-start=\"722\" data-end=\"785\">\u0414\u043e\u0441\u0442\u0430\u0432\u043a\u0430 \u0430\u0432\u0442\u043e\u043c\u043e\u0431\u0438\u043b\u044f \u0432\u043e\u0437\u043c\u043e\u0436\u043d\u0430 \u0432\u043d\u0435 \u0440\u0430\u0431\u043e\u0447\u0435\u0433\u043e \u0432\u0440\u0435\u043c\u0435\u043d\u0438 \u043f\u043e \u0437\u0430\u043f\u0440\u043e\u0441\u0443.<\/em><\/p>\t\t\t\t\t\t\t\t<\/div>\n\t\t\t\t<\/div>\n\t\t<div class=\"elementor-element elementor-element-41b9c09 e-con-full e-flex e-con e-child\" data-id=\"41b9c09\" data-element_type=\"container\" data-e-type=\"container\">\n\t\t\t\t<div class=\"elementor-element elementor-element-ea7f470 elementor-widget elementor-widget-heading\" data-id=\"ea7f470\" data-element_type=\"widget\" data-e-type=\"widget\" data-widget_type=\"heading.default\">\n\t\t\t\t\t<h2 class=\"elementor-heading-title elementor-size-default\">\u0411\u044b\u0441\u0442\u0440\u0430\u044f \u0441\u0432\u044f\u0437\u044c<\/h2>\t\t\t\t<\/div>\n\t\t\t\t<div class=\"elementor-element elementor-element-cc604a4 elementor-widget elementor-widget-text-editor\" data-id=\"cc604a4\" data-element_type=\"widget\" data-e-type=\"widget\" data-widget_type=\"text-editor.default\">\n\t\t\t\t\t\t\t\t\t<p data-start=\"810\" data-end=\"847\">\u0422\u044b \u0442\u0430\u043a\u0436\u0435 \u043c\u043e\u0436\u0435\u0448\u044c \u0441\u0432\u044f\u0437\u0430\u0442\u044c\u0441\u044f \u0441 \u043d\u0430\u043c\u0438 \u043d\u0430\u043f\u0440\u044f\u043c\u0443\u044e \u0447\u0435\u0440\u0435\u0437:<\/p><ul><li data-section-id=\"1h2okl2\" data-start=\"849\" data-end=\"861\">\u0422\u0435\u043b\u0435\u0444\u043e\u043d\u043d\u044b\u0439 \u0437\u0432\u043e\u043d\u043e\u043a<\/li><li data-section-id=\"vmqg9c\" data-start=\"862\" data-end=\"872\">WhatsApp<\/li><li>\u042d\u043b\u0435\u043a\u0442\u0440\u043e\u043d\u043d\u0430\u044f \u043f\u043e\u0447\u0442\u0430<\/li><\/ul>\t\t\t\t\t\t\t\t<\/div>\n\t\t\t\t<div class=\"elementor-element elementor-element-247cf9f elementor-widget elementor-widget-heading\" data-id=\"247cf9f\" data-element_type=\"widget\" data-e-type=\"widget\" data-widget_type=\"heading.default\">\n\t\t\t\t\t<h2 class=\"elementor-heading-title elementor-size-default\">\u0414\u043e\u0441\u0442\u0430\u0432\u043a\u0430 \u0430\u0432\u0442\u043e\u043c\u043e\u0431\u0438\u043b\u044f<\/h2>\t\t\t\t<\/div>\n\t\t\t\t<div class=\"elementor-element elementor-element-bf161f0 elementor-widget elementor-widget-text-editor\" data-id=\"bf161f0\" data-element_type=\"widget\" data-e-type=\"widget\" data-widget_type=\"text-editor.default\">\n\t\t\t\t\t\t\t\t\t<p data-start=\"950\" data-end=\"985\">\u041c\u044b \u043f\u0440\u0435\u0434\u043b\u0430\u0433\u0430\u0435\u043c \u0433\u0438\u0431\u043a\u0438\u0435 \u0432\u0430\u0440\u0438\u0430\u043d\u0442\u044b \u0434\u043e\u0441\u0442\u0430\u0432\u043a\u0438:<\/p><ul data-start=\"987\" data-end=\"1121\"><li data-section-id=\"1py3p5e\" data-start=\"987\" data-end=\"1022\">\u0414\u043e\u0441\u0442\u0430\u0432\u043a\u0430 \u043f\u043e \u041b\u0438\u0435\u043f\u0430\u0435 \u2014 <strong data-start=\"1015\" data-end=\"1022\">10 \u20ac<\/strong><\/li><li data-section-id=\"1fh9yrn\" data-start=\"1023\" data-end=\"1074\">\u0414\u043e\u0441\u0442\u0430\u0432\u043a\u0430 \u0437\u0430 \u043f\u0440\u0435\u0434\u0435\u043b\u044b \u041b\u0438\u0435\u043f\u0430\u0438 \u2014 \u043f\u043e \u0437\u0430\u043f\u0440\u043e\u0441\u0443<\/li><li data-section-id=\"11nranb\" data-start=\"1075\" data-end=\"1121\">\u0414\u043e\u0441\u0442\u0430\u0432\u043a\u0430 \u0432 \u0430\u044d\u0440\u043e\u043f\u043e\u0440\u0442, \u043e\u0442\u0435\u043b\u044c \u0438\u043b\u0438 \u043f\u043e \u0442\u0432\u043e\u0435\u043c\u0443 \u0430\u0434\u0440\u0435\u0441\u0443<\/li><\/ul>\t\t\t\t\t\t\t\t<\/div>\n\t\t\t\t<\/div>\n\t\t\t\t\t<\/div>\n\t\t\t\t<\/div>\n\t\t\t\t<\/div>\n\t\t","protected":false},"excerpt":{"rendered":"<p>\u0421\u0432\u044f\u0436\u0438\u0442\u0435\u0441\u044c \u0441 \u043d\u0430\u043c\u0438 \u0415\u0441\u0442\u044c \u0432\u043e\u043f\u0440\u043e\u0441 \u0438\u043b\u0438 \u0433\u043e\u0442\u043e\u0432 \u0437\u0430\u0431\u0440\u043e\u043d\u0438\u0440\u043e\u0432\u0430\u0442\u044c \u043c\u0430\u0448\u0438\u043d\u0443?\u041c\u044b \u0437\u0434\u0435\u0441\u044c, \u0447\u0442\u043e\u0431\u044b \u043f\u043e\u043c\u043e\u0447\u044c \u2014 \u0431\u044b\u0441\u0442\u0440\u043e, \u043f\u0440\u043e\u0441\u0442\u043e \u0438 \u0431\u0435\u0437 \u0441\u043b\u043e\u0436\u043d\u043e\u0441\u0442\u0435\u0439. \u041d\u0443\u0436\u043d\u0430 \u043c\u0430\u0448\u0438\u043d\u0430 \u043d\u0430 \u0434\u0435\u043d\u044c, \u0432\u044b\u0445\u043e\u0434\u043d\u044b\u0435 \u0438\u043b\u0438 \u0434\u043e\u043b\u044c\u0448\u0435 \u2014 \u043f\u0440\u043e\u0441\u0442\u043e \u0441\u0432\u044f\u0436\u0438\u0441\u044c \u0441 \u043d\u0430\u043c\u0438, \u0438 \u043c\u044b \u043d\u0430\u0439\u0434\u0435\u043c \u043b\u0443\u0447\u0448\u0438\u0439 \u0432\u0430\u0440\u0438\u0430\u043d\u0442 \u0434\u043b\u044f \u0442\u0435\u0431\u044f. \u0421\u0432\u044f\u0437\u0430\u0442\u044c\u0441\u044f \ud83d\udccd \u0410\u0434\u0440\u0435\u0441:Pulkv\u0113\u017ea Brie\u017ea iela 40, Liep\u0101ja, Latvia \ud83d\udcde \u0422\u0435\u043b\u0435\u0444\u043e\u043d:+371 26026012+371 26744455 \ud83d\udce7 \u042d\u043b\u0435\u043a\u0442\u0440\u043e\u043d\u043d\u0430\u044f \u043f\u043e\u0447\u0442\u0430:info@rentnoma.lv \u0427\u0430\u0441\u044b \u0440\u0430\u0431\u043e\u0442\u044b \ud83d\udd58 [&hellip;]<\/p>\n","protected":false},"author":1,"featured_media":0,"parent":0,"menu_order":0,"comment_status":"closed","ping_status":"closed","template":"","meta":{"footnotes":""},"class_list":["post-671","page","type-page","status-publish","hentry"],"_links":{"self":[{"href":"https:\/\/rentnoma.lv\/ru\/wp-json\/wp\/v2\/pages\/671","targetHints":{"allow":["GET"]}}],"collection":[{"href":"https:\/\/rentnoma.lv\/ru\/wp-json\/wp\/v2\/pages"}],"about":[{"href":"https:\/\/rentnoma.lv\/ru\/wp-json\/wp\/v2\/types\/page"}],"author":[{"embeddable":true,"href":"https:\/\/rentnoma.lv\/ru\/wp-json\/wp\/v2\/users\/1"}],"replies":[{"embeddable":true,"href":"https:\/\/rentnoma.lv\/ru\/wp-json\/wp\/v2\/comments?post=671"}],"version-history":[{"count":1,"href":"https:\/\/rentnoma.lv\/ru\/wp-json\/wp\/v2\/pages\/671\/revisions"}],"predecessor-version":[{"id":672,"href":"https:\/\/rentnoma.lv\/ru\/wp-json\/wp\/v2\/pages\/671\/revisions\/672"}],"wp:attachment":[{"href":"https:\/\/rentnoma.lv\/ru\/wp-json\/wp\/v2\/media?parent=671"}],"curies":[{"name":"wp","href":"https:\/\/api.w.org\/{rel}","templated":true}]}}