{"id":575,"date":"2026-03-20T11:54:23","date_gmt":"2026-03-20T11:54:23","guid":{"rendered":"https:\/\/new.rentnoma.lv\/?page_id=575"},"modified":"2026-04-21T13:26:49","modified_gmt":"2026-04-21T13:26:49","slug":"contacts","status":"publish","type":"page","link":"https:\/\/rentnoma.lv\/en\/contacts\/","title":{"rendered":"Contacts"},"content":{"rendered":"\t\t<div data-elementor-type=\"wp-page\" data-elementor-id=\"575\" class=\"elementor elementor-575\" data-elementor-post-type=\"page\">\n\t\t\t\t<div class=\"elementor-element elementor-element-022f359 e-flex e-con-boxed e-con e-parent\" data-id=\"022f359\" data-element_type=\"container\" data-e-type=\"container\">\n\t\t\t\t\t<div class=\"e-con-inner\">\n\t\t\t\t<div class=\"elementor-element elementor-element-b7c9bfb elementor-widget elementor-widget-heading\" data-id=\"b7c9bfb\" data-element_type=\"widget\" data-e-type=\"widget\" data-widget_type=\"heading.default\">\n\t\t\t\t\t<h2 class=\"elementor-heading-title elementor-size-default\">Contact Us<\/h2>\t\t\t\t<\/div>\n\t\t\t\t<div class=\"elementor-element elementor-element-594f81e elementor-widget elementor-widget-text-editor\" data-id=\"594f81e\" data-element_type=\"widget\" data-e-type=\"widget\" data-widget_type=\"text-editor.default\">\n\t\t\t\t\t\t\t\t\t<p data-start=\"237\" data-end=\"343\">Have a question or ready to book your car?<br data-start=\"279\" data-end=\"282\" \/>We\u2019re here to help \u2014 fast, simple, and without complications.<\/p><p data-start=\"345\" data-end=\"456\">Whether you need a car for a day, a weekend, or longer \u2014 just reach out and we\u2019ll find the best option for you.<\/p>\t\t\t\t\t\t\t\t<\/div>\n\t\t\t\t\t<\/div>\n\t\t\t\t<\/div>\n\t\t<div class=\"elementor-element elementor-element-b2155cc e-flex e-con-boxed e-con e-parent\" data-id=\"b2155cc\" data-element_type=\"container\" data-e-type=\"container\">\n\t\t\t\t\t<div class=\"e-con-inner\">\n\t\t<div class=\"elementor-element elementor-element-ec193cb e-con-full e-flex e-con e-child\" data-id=\"ec193cb\" data-element_type=\"container\" data-e-type=\"container\">\n\t\t\t\t<div class=\"elementor-element elementor-element-99dd81a elementor-widget elementor-widget-heading\" data-id=\"99dd81a\" data-element_type=\"widget\" data-e-type=\"widget\" data-widget_type=\"heading.default\">\n\t\t\t\t\t<h2 class=\"elementor-heading-title elementor-size-default\">Get in Touch<\/h2>\t\t\t\t<\/div>\n\t\t\t\t<div class=\"elementor-element elementor-element-84b8136 elementor-widget elementor-widget-text-editor\" data-id=\"84b8136\" data-element_type=\"widget\" data-e-type=\"widget\" data-widget_type=\"text-editor.default\">\n\t\t\t\t\t\t\t\t\t<p data-start=\"480\" data-end=\"540\">\ud83d\udccd <strong data-start=\"483\" data-end=\"495\">Address:<\/strong><br data-start=\"495\" data-end=\"498\" \/>Pulkv\u0113\u017ea Brie\u017ea iela 40, Liep\u0101ja, Latvia<\/p><p data-start=\"542\" data-end=\"589\">\ud83d\udcde <strong data-start=\"545\" data-end=\"555\">Phone:<\/strong><br data-start=\"555\" data-end=\"558\" \/>+371 26026012<br data-start=\"571\" data-end=\"574\" \/>+371 26744455<\/p><p data-start=\"591\" data-end=\"625\">\ud83d\udce7 <strong data-start=\"594\" data-end=\"604\">Email:<br \/><\/strong>info@rentnoma.lv<\/p>\t\t\t\t\t\t\t\t<\/div>\n\t\t\t\t<div class=\"elementor-element elementor-element-7131674 elementor-widget elementor-widget-heading\" data-id=\"7131674\" data-element_type=\"widget\" data-e-type=\"widget\" data-widget_type=\"heading.default\">\n\t\t\t\t\t<h2 class=\"elementor-heading-title elementor-size-default\">Working Hours<\/h2>\t\t\t\t<\/div>\n\t\t\t\t<div class=\"elementor-element elementor-element-9147277 elementor-widget elementor-widget-text-editor\" data-id=\"9147277\" data-element_type=\"widget\" data-e-type=\"widget\" data-widget_type=\"text-editor.default\">\n\t\t\t\t\t\t\t\t\t<p data-start=\"650\" data-end=\"720\">\ud83d\udd58 Monday \u2013 Friday: 09:00 \u2013 18:00<br data-start=\"683\" data-end=\"686\" \/>\ud83d\udd58 Saturday \u2013 Sunday: By request<\/p><p data-start=\"722\" data-end=\"785\"><em data-start=\"722\" data-end=\"785\">Car delivery is available outside working hours upon request.<\/em><\/p>\t\t\t\t\t\t\t\t<\/div>\n\t\t\t\t<\/div>\n\t\t<div class=\"elementor-element elementor-element-41b9c09 e-con-full e-flex e-con e-child\" data-id=\"41b9c09\" data-element_type=\"container\" data-e-type=\"container\">\n\t\t\t\t<div class=\"elementor-element elementor-element-ea7f470 elementor-widget elementor-widget-heading\" data-id=\"ea7f470\" data-element_type=\"widget\" data-e-type=\"widget\" data-widget_type=\"heading.default\">\n\t\t\t\t\t<h2 class=\"elementor-heading-title elementor-size-default\">Quick Contact<\/h2>\t\t\t\t<\/div>\n\t\t\t\t<div class=\"elementor-element elementor-element-cc604a4 elementor-widget elementor-widget-text-editor\" data-id=\"cc604a4\" data-element_type=\"widget\" data-e-type=\"widget\" data-widget_type=\"text-editor.default\">\n\t\t\t\t\t\t\t\t\t<p data-start=\"810\" data-end=\"847\">You can also contact us directly via:<\/p><ul><li data-section-id=\"1h2okl2\" data-start=\"849\" data-end=\"861\">Phone call<\/li><li data-section-id=\"vmqg9c\" data-start=\"862\" data-end=\"872\">WhatsApp<\/li><li>Email<\/li><\/ul>\t\t\t\t\t\t\t\t<\/div>\n\t\t\t\t<div class=\"elementor-element elementor-element-247cf9f elementor-widget elementor-widget-heading\" data-id=\"247cf9f\" data-element_type=\"widget\" data-e-type=\"widget\" data-widget_type=\"heading.default\">\n\t\t\t\t\t<h2 class=\"elementor-heading-title elementor-size-default\">Car Delivery<\/h2>\t\t\t\t<\/div>\n\t\t\t\t<div class=\"elementor-element elementor-element-bf161f0 elementor-widget elementor-widget-text-editor\" data-id=\"bf161f0\" data-element_type=\"widget\" data-e-type=\"widget\" data-widget_type=\"text-editor.default\">\n\t\t\t\t\t\t\t\t\t<p data-start=\"950\" data-end=\"985\">We offer flexible delivery options:<\/p><ul data-start=\"987\" data-end=\"1121\"><li data-section-id=\"1py3p5e\" data-start=\"987\" data-end=\"1022\">Delivery within Liep\u0101ja \u2014 <strong data-start=\"1015\" data-end=\"1022\">\u20ac10<\/strong><\/li><li data-section-id=\"1fh9yrn\" data-start=\"1023\" data-end=\"1074\">Delivery outside Liep\u0101ja \u2014 available upon request<\/li><li data-section-id=\"11nranb\" data-start=\"1075\" data-end=\"1121\">Delivery to airport, hotel, or your location<\/li><\/ul>\t\t\t\t\t\t\t\t<\/div>\n\t\t\t\t<\/div>\n\t\t\t\t\t<\/div>\n\t\t\t\t<\/div>\n\t\t\t\t<\/div>\n\t\t","protected":false},"excerpt":{"rendered":"<p>Contact Us Have a question or ready to book your car?We\u2019re here to help \u2014 fast, simple, and without complications. Whether you need a car for a day, a weekend, or longer \u2014 just reach out and we\u2019ll find the best option for you. Get in Touch \ud83d\udccd Address:Pulkv\u0113\u017ea Brie\u017ea iela 40, Liep\u0101ja, Latvia \ud83d\udcde [&hellip;]<\/p>\n","protected":false},"author":1,"featured_media":0,"parent":0,"menu_order":0,"comment_status":"closed","ping_status":"closed","template":"","meta":{"footnotes":""},"class_list":["post-575","page","type-page","status-publish","hentry"],"_links":{"self":[{"href":"https:\/\/rentnoma.lv\/en\/wp-json\/wp\/v2\/pages\/575","targetHints":{"allow":["GET"]}}],"collection":[{"href":"https:\/\/rentnoma.lv\/en\/wp-json\/wp\/v2\/pages"}],"about":[{"href":"https:\/\/rentnoma.lv\/en\/wp-json\/wp\/v2\/types\/page"}],"author":[{"embeddable":true,"href":"https:\/\/rentnoma.lv\/en\/wp-json\/wp\/v2\/users\/1"}],"replies":[{"embeddable":true,"href":"https:\/\/rentnoma.lv\/en\/wp-json\/wp\/v2\/comments?post=575"}],"version-history":[{"count":7,"href":"https:\/\/rentnoma.lv\/en\/wp-json\/wp\/v2\/pages\/575\/revisions"}],"predecessor-version":[{"id":658,"href":"https:\/\/rentnoma.lv\/en\/wp-json\/wp\/v2\/pages\/575\/revisions\/658"}],"wp:attachment":[{"href":"https:\/\/rentnoma.lv\/en\/wp-json\/wp\/v2\/media?parent=575"}],"curies":[{"name":"wp","href":"https:\/\/api.w.org\/{rel}","templated":true}]}}